{"id":60375,"date":"2024-12-26T17:23:52","date_gmt":"2024-12-26T16:23:52","guid":{"rendered":"https:\/\/futur-print3d.fr\/?post_type=product&#038;p=60375"},"modified":"2025-05-23T18:49:43","modified_gmt":"2025-05-23T16:49:43","slug":"fixations-plage-arriere-audi-tt-mk1","status":"publish","type":"product","link":"https:\/\/futur-print3d.fr\/index.php\/produit\/fixations-plage-arriere-audi-tt-mk1\/","title":{"rendered":"Fixations Plage Arri\u00e8re Audi TT MK1"},"content":{"rendered":"<h1>**Lot de 4 Fixations pour Plage Arri\u00e8re Audi TT MK1**<\/h1>\n<p>Ne d\u00e9pensez pas une fortune pour racheter une plage arri\u00e8re compl\u00e8te ! Optez pour notre lot de 4 crochets de fixation sp\u00e9cialement con\u00e7us pour l&rsquo;Audi TT MK1.<\/p>\n<p>&#8211; **Solution \u00c9conomique :** Parfait pour remplacer vos fixations us\u00e9es sans avoir \u00e0 acheter une nouvelle plage arri\u00e8re.<\/p>\n<p>&#8211; **Mat\u00e9riau de Qualit\u00e9 :** Fabriqu\u00e9 en impression 3D avec du plastique ASA, offrant une r\u00e9sistance exceptionnelle aux UV et aux intemp\u00e9ries.<\/p>\n<p>&#8211; **Installation Facile :** \u00c0 fixer avec une colle \u00e9poxy et durcisseur pour une tenue optimale.<\/p>\n<p>&#8211; **Couleur :** Noir, s\u2019harmonise parfaitement avec l&rsquo;int\u00e9rieur de votre v\u00e9hicule.<\/p>\n<p>&nbsp;<\/p>\n<p>Ne laissez pas une fixation d\u00e9fectueuse g\u00e2cher l&rsquo;apparence de votre Audi TT. Commandez d\u00e8s maintenant ce lot de 4 fixations et redonnez vie \u00e0 votre plage arri\u00e8re !<\/p>\n","protected":false},"excerpt":{"rendered":"<p>**Lot de 4 Fixations pour Plage Arri\u00e8re Audi TT MK1**<\/p>\n<p>Ne d\u00e9pensez pas une fortune pour racheter une plage arri\u00e8re compl\u00e8te ! Optez pour notre lot de 4 crochets de fixation sp\u00e9cialement con\u00e7us pour l&rsquo;Audi TT MK1.<\/p>\n<p>&#8211; **Solution \u00c9conomique :** Parfait pour remplacer vos fixations us\u00e9es sans avoir \u00e0 acheter une nouvelle plage arri\u00e8re.<\/p>\n<p>&#8211; **Mat\u00e9riau de Qualit\u00e9 :** Fabriqu\u00e9 en impression 3D avec du plastique ASA, offrant une r\u00e9sistance exceptionnelle aux UV et aux intemp\u00e9ries.<\/p>\n<p>&#8211; **Installation Facile :** \u00c0 fixer avec une colle \u00e9poxy et durcisseur pour une tenue optimale.<\/p>\n<p>&#8211; **Couleur :** Noir, s\u2019harmonise parfaitement avec l&rsquo;int\u00e9rieur de votre v\u00e9hicule.<\/p>\n<p>&nbsp;<\/p>\n<p>Ne laissez pas une fixation d\u00e9fectueuse g\u00e2cher l&rsquo;apparence de votre Audi TT. Commandez d\u00e8s maintenant ce lot de 4 fixations et redonnez vie \u00e0 votre plage arri\u00e8re !<\/p>\n","protected":false},"featured_media":60377,"comment_status":"open","ping_status":"closed","template":"","meta":{"_acf_changed":false},"pwb-brand":[],"product_brand":[],"product_cat":[230],"product_tag":[283],"class_list":{"0":"post-60375","1":"product","2":"type-product","3":"status-publish","4":"has-post-thumbnail","6":"product_cat-pieces-automobile","7":"product_tag-piece-auto","8":"product_shipping_class-lettre-suivie-100g","10":"first","11":"instock","12":"taxable","13":"shipping-taxable","14":"purchasable","15":"product-type-simple"},"acf":[],"yoast_head":"<!-- This site is optimized with the Yoast SEO plugin v27.6 - https:\/\/yoast.com\/product\/yoast-seo-wordpress\/ -->\n<title>Fixations Plage Arri\u00e8re Audi TT MK1 - futur-print3d<\/title>\n<meta name=\"robots\" content=\"index, follow, max-snippet:-1, max-image-preview:large, max-video-preview:-1\" \/>\n<link rel=\"canonical\" href=\"https:\/\/futur-print3d.fr\/index.php\/produit\/fixations-plage-arriere-audi-tt-mk1\/\" \/>\n<meta property=\"og:locale\" content=\"fr_FR\" \/>\n<meta property=\"og:type\" content=\"article\" \/>\n<meta property=\"og:title\" content=\"Fixations Plage Arri\u00e8re Audi TT MK1 - futur-print3d\" \/>\n<meta property=\"og:description\" content=\"**Lot de 4 Fixations pour Plage Arri\u00e8re Audi TT MK1**  Ne d\u00e9pensez pas une fortune pour racheter une plage arri\u00e8re compl\u00e8te ! Optez pour notre lot de 4 crochets de fixation sp\u00e9cialement con\u00e7us pour l&#039;Audi TT MK1.  - **Solution \u00c9conomique :** Parfait pour remplacer vos fixations us\u00e9es sans avoir \u00e0 acheter une nouvelle plage arri\u00e8re.  - **Mat\u00e9riau de Qualit\u00e9 :** Fabriqu\u00e9 en impression 3D avec du plastique ASA, offrant une r\u00e9sistance exceptionnelle aux UV et aux intemp\u00e9ries.  - **Installation Facile :** \u00c0 fixer avec une colle \u00e9poxy et durcisseur pour une tenue optimale.  - **Couleur :** Noir, s\u2019harmonise parfaitement avec l&#039;int\u00e9rieur de votre v\u00e9hicule.  &nbsp;  Ne laissez pas une fixation d\u00e9fectueuse g\u00e2cher l&#039;apparence de votre Audi TT. Commandez d\u00e8s maintenant ce lot de 4 fixations et redonnez vie \u00e0 votre plage arri\u00e8re !\" \/>\n<meta property=\"og:url\" content=\"https:\/\/futur-print3d.fr\/index.php\/produit\/fixations-plage-arriere-audi-tt-mk1\/\" \/>\n<meta property=\"og:site_name\" content=\"futur-print3d\" \/>\n<meta property=\"article:modified_time\" content=\"2025-05-23T16:49:43+00:00\" \/>\n<meta property=\"og:image\" content=\"https:\/\/futur-print3d.fr\/wp-content\/uploads\/2024\/12\/Capture-decran-2024-12-26-170852.jpg\" \/>\n\t<meta property=\"og:image:width\" content=\"850\" \/>\n\t<meta property=\"og:image:height\" content=\"537\" \/>\n\t<meta property=\"og:image:type\" content=\"image\/jpeg\" \/>\n<meta name=\"twitter:card\" content=\"summary_large_image\" \/>\n<meta name=\"twitter:label1\" content=\"Dur\u00e9e de lecture estim\u00e9e\" \/>\n\t<meta name=\"twitter:data1\" content=\"1 minute\" \/>\n<script type=\"application\/ld+json\" class=\"yoast-schema-graph\">{\"@context\":\"https:\\\/\\\/schema.org\",\"@graph\":[{\"@type\":\"WebPage\",\"@id\":\"https:\\\/\\\/futur-print3d.fr\\\/index.php\\\/produit\\\/fixations-plage-arriere-audi-tt-mk1\\\/\",\"url\":\"https:\\\/\\\/futur-print3d.fr\\\/index.php\\\/produit\\\/fixations-plage-arriere-audi-tt-mk1\\\/\",\"name\":\"Fixations Plage Arri\u00e8re Audi TT MK1 - futur-print3d\",\"isPartOf\":{\"@id\":\"https:\\\/\\\/futur-print3d.fr\\\/#website\"},\"primaryImageOfPage\":{\"@id\":\"https:\\\/\\\/futur-print3d.fr\\\/index.php\\\/produit\\\/fixations-plage-arriere-audi-tt-mk1\\\/#primaryimage\"},\"image\":{\"@id\":\"https:\\\/\\\/futur-print3d.fr\\\/index.php\\\/produit\\\/fixations-plage-arriere-audi-tt-mk1\\\/#primaryimage\"},\"thumbnailUrl\":\"https:\\\/\\\/futur-print3d.fr\\\/wp-content\\\/uploads\\\/2024\\\/12\\\/Capture-decran-2024-12-26-170852.jpg\",\"datePublished\":\"2024-12-26T16:23:52+00:00\",\"dateModified\":\"2025-05-23T16:49:43+00:00\",\"breadcrumb\":{\"@id\":\"https:\\\/\\\/futur-print3d.fr\\\/index.php\\\/produit\\\/fixations-plage-arriere-audi-tt-mk1\\\/#breadcrumb\"},\"inLanguage\":\"fr-FR\",\"potentialAction\":[{\"@type\":\"ReadAction\",\"target\":[\"https:\\\/\\\/futur-print3d.fr\\\/index.php\\\/produit\\\/fixations-plage-arriere-audi-tt-mk1\\\/\"]}]},{\"@type\":\"ImageObject\",\"inLanguage\":\"fr-FR\",\"@id\":\"https:\\\/\\\/futur-print3d.fr\\\/index.php\\\/produit\\\/fixations-plage-arriere-audi-tt-mk1\\\/#primaryimage\",\"url\":\"https:\\\/\\\/futur-print3d.fr\\\/wp-content\\\/uploads\\\/2024\\\/12\\\/Capture-decran-2024-12-26-170852.jpg\",\"contentUrl\":\"https:\\\/\\\/futur-print3d.fr\\\/wp-content\\\/uploads\\\/2024\\\/12\\\/Capture-decran-2024-12-26-170852.jpg\",\"width\":850,\"height\":537,\"caption\":\"Lot de 4 Fixations pour Plage Arri\u00e8re Audi TT MK1\"},{\"@type\":\"BreadcrumbList\",\"@id\":\"https:\\\/\\\/futur-print3d.fr\\\/index.php\\\/produit\\\/fixations-plage-arriere-audi-tt-mk1\\\/#breadcrumb\",\"itemListElement\":[{\"@type\":\"ListItem\",\"position\":1,\"name\":\"Accueil\",\"item\":\"https:\\\/\\\/futur-print3d.fr\\\/\"},{\"@type\":\"ListItem\",\"position\":2,\"name\":\"Shop\",\"item\":\"https:\\\/\\\/futur-print3d.fr\\\/index.php\\\/shop\\\/\"},{\"@type\":\"ListItem\",\"position\":3,\"name\":\"Fixations Plage Arri\u00e8re Audi TT MK1\"}]},{\"@type\":\"WebSite\",\"@id\":\"https:\\\/\\\/futur-print3d.fr\\\/#website\",\"url\":\"https:\\\/\\\/futur-print3d.fr\\\/\",\"name\":\"futur-print3d\",\"description\":\"\",\"publisher\":{\"@id\":\"https:\\\/\\\/futur-print3d.fr\\\/#organization\"},\"potentialAction\":[{\"@type\":\"SearchAction\",\"target\":{\"@type\":\"EntryPoint\",\"urlTemplate\":\"https:\\\/\\\/futur-print3d.fr\\\/?s={search_term_string}\"},\"query-input\":{\"@type\":\"PropertyValueSpecification\",\"valueRequired\":true,\"valueName\":\"search_term_string\"}}],\"inLanguage\":\"fr-FR\"},{\"@type\":\"Organization\",\"@id\":\"https:\\\/\\\/futur-print3d.fr\\\/#organization\",\"name\":\"futur-print3d\",\"url\":\"https:\\\/\\\/futur-print3d.fr\\\/\",\"logo\":{\"@type\":\"ImageObject\",\"inLanguage\":\"fr-FR\",\"@id\":\"https:\\\/\\\/futur-print3d.fr\\\/#\\\/schema\\\/logo\\\/image\\\/\",\"url\":\"https:\\\/\\\/futur-print3d.fr\\\/wp-content\\\/uploads\\\/2018\\\/03\\\/logo-grand-format.webp\",\"contentUrl\":\"https:\\\/\\\/futur-print3d.fr\\\/wp-content\\\/uploads\\\/2018\\\/03\\\/logo-grand-format.webp\",\"width\":1024,\"height\":871,\"caption\":\"futur-print3d\"},\"image\":{\"@id\":\"https:\\\/\\\/futur-print3d.fr\\\/#\\\/schema\\\/logo\\\/image\\\/\"}}]}<\/script>\n<!-- \/ Yoast SEO plugin. -->","yoast_head_json":{"title":"Fixations Plage Arri\u00e8re Audi TT MK1 - futur-print3d","robots":{"index":"index","follow":"follow","max-snippet":"max-snippet:-1","max-image-preview":"max-image-preview:large","max-video-preview":"max-video-preview:-1"},"canonical":"https:\/\/futur-print3d.fr\/index.php\/produit\/fixations-plage-arriere-audi-tt-mk1\/","og_locale":"fr_FR","og_type":"article","og_title":"Fixations Plage Arri\u00e8re Audi TT MK1 - futur-print3d","og_description":"**Lot de 4 Fixations pour Plage Arri\u00e8re Audi TT MK1**  Ne d\u00e9pensez pas une fortune pour racheter une plage arri\u00e8re compl\u00e8te ! Optez pour notre lot de 4 crochets de fixation sp\u00e9cialement con\u00e7us pour l'Audi TT MK1.  - **Solution \u00c9conomique :** Parfait pour remplacer vos fixations us\u00e9es sans avoir \u00e0 acheter une nouvelle plage arri\u00e8re.  - **Mat\u00e9riau de Qualit\u00e9 :** Fabriqu\u00e9 en impression 3D avec du plastique ASA, offrant une r\u00e9sistance exceptionnelle aux UV et aux intemp\u00e9ries.  - **Installation Facile :** \u00c0 fixer avec une colle \u00e9poxy et durcisseur pour une tenue optimale.  - **Couleur :** Noir, s\u2019harmonise parfaitement avec l'int\u00e9rieur de votre v\u00e9hicule.  &nbsp;  Ne laissez pas une fixation d\u00e9fectueuse g\u00e2cher l'apparence de votre Audi TT. Commandez d\u00e8s maintenant ce lot de 4 fixations et redonnez vie \u00e0 votre plage arri\u00e8re !","og_url":"https:\/\/futur-print3d.fr\/index.php\/produit\/fixations-plage-arriere-audi-tt-mk1\/","og_site_name":"futur-print3d","article_modified_time":"2025-05-23T16:49:43+00:00","og_image":[{"width":850,"height":537,"url":"https:\/\/futur-print3d.fr\/wp-content\/uploads\/2024\/12\/Capture-decran-2024-12-26-170852.jpg","type":"image\/jpeg"}],"twitter_card":"summary_large_image","twitter_misc":{"Dur\u00e9e de lecture estim\u00e9e":"1 minute"},"schema":{"@context":"https:\/\/schema.org","@graph":[{"@type":"WebPage","@id":"https:\/\/futur-print3d.fr\/index.php\/produit\/fixations-plage-arriere-audi-tt-mk1\/","url":"https:\/\/futur-print3d.fr\/index.php\/produit\/fixations-plage-arriere-audi-tt-mk1\/","name":"Fixations Plage Arri\u00e8re Audi TT MK1 - futur-print3d","isPartOf":{"@id":"https:\/\/futur-print3d.fr\/#website"},"primaryImageOfPage":{"@id":"https:\/\/futur-print3d.fr\/index.php\/produit\/fixations-plage-arriere-audi-tt-mk1\/#primaryimage"},"image":{"@id":"https:\/\/futur-print3d.fr\/index.php\/produit\/fixations-plage-arriere-audi-tt-mk1\/#primaryimage"},"thumbnailUrl":"https:\/\/futur-print3d.fr\/wp-content\/uploads\/2024\/12\/Capture-decran-2024-12-26-170852.jpg","datePublished":"2024-12-26T16:23:52+00:00","dateModified":"2025-05-23T16:49:43+00:00","breadcrumb":{"@id":"https:\/\/futur-print3d.fr\/index.php\/produit\/fixations-plage-arriere-audi-tt-mk1\/#breadcrumb"},"inLanguage":"fr-FR","potentialAction":[{"@type":"ReadAction","target":["https:\/\/futur-print3d.fr\/index.php\/produit\/fixations-plage-arriere-audi-tt-mk1\/"]}]},{"@type":"ImageObject","inLanguage":"fr-FR","@id":"https:\/\/futur-print3d.fr\/index.php\/produit\/fixations-plage-arriere-audi-tt-mk1\/#primaryimage","url":"https:\/\/futur-print3d.fr\/wp-content\/uploads\/2024\/12\/Capture-decran-2024-12-26-170852.jpg","contentUrl":"https:\/\/futur-print3d.fr\/wp-content\/uploads\/2024\/12\/Capture-decran-2024-12-26-170852.jpg","width":850,"height":537,"caption":"Lot de 4 Fixations pour Plage Arri\u00e8re Audi TT MK1"},{"@type":"BreadcrumbList","@id":"https:\/\/futur-print3d.fr\/index.php\/produit\/fixations-plage-arriere-audi-tt-mk1\/#breadcrumb","itemListElement":[{"@type":"ListItem","position":1,"name":"Accueil","item":"https:\/\/futur-print3d.fr\/"},{"@type":"ListItem","position":2,"name":"Shop","item":"https:\/\/futur-print3d.fr\/index.php\/shop\/"},{"@type":"ListItem","position":3,"name":"Fixations Plage Arri\u00e8re Audi TT MK1"}]},{"@type":"WebSite","@id":"https:\/\/futur-print3d.fr\/#website","url":"https:\/\/futur-print3d.fr\/","name":"futur-print3d","description":"","publisher":{"@id":"https:\/\/futur-print3d.fr\/#organization"},"potentialAction":[{"@type":"SearchAction","target":{"@type":"EntryPoint","urlTemplate":"https:\/\/futur-print3d.fr\/?s={search_term_string}"},"query-input":{"@type":"PropertyValueSpecification","valueRequired":true,"valueName":"search_term_string"}}],"inLanguage":"fr-FR"},{"@type":"Organization","@id":"https:\/\/futur-print3d.fr\/#organization","name":"futur-print3d","url":"https:\/\/futur-print3d.fr\/","logo":{"@type":"ImageObject","inLanguage":"fr-FR","@id":"https:\/\/futur-print3d.fr\/#\/schema\/logo\/image\/","url":"https:\/\/futur-print3d.fr\/wp-content\/uploads\/2018\/03\/logo-grand-format.webp","contentUrl":"https:\/\/futur-print3d.fr\/wp-content\/uploads\/2018\/03\/logo-grand-format.webp","width":1024,"height":871,"caption":"futur-print3d"},"image":{"@id":"https:\/\/futur-print3d.fr\/#\/schema\/logo\/image\/"}}]}},"jetpack_sharing_enabled":true,"brands":[],"_links":{"self":[{"href":"https:\/\/futur-print3d.fr\/index.php\/wp-json\/wp\/v2\/product\/60375","targetHints":{"allow":["GET"]}}],"collection":[{"href":"https:\/\/futur-print3d.fr\/index.php\/wp-json\/wp\/v2\/product"}],"about":[{"href":"https:\/\/futur-print3d.fr\/index.php\/wp-json\/wp\/v2\/types\/product"}],"replies":[{"embeddable":true,"href":"https:\/\/futur-print3d.fr\/index.php\/wp-json\/wp\/v2\/comments?post=60375"}],"wp:featuredmedia":[{"embeddable":true,"href":"https:\/\/futur-print3d.fr\/index.php\/wp-json\/wp\/v2\/media\/60377"}],"wp:attachment":[{"href":"https:\/\/futur-print3d.fr\/index.php\/wp-json\/wp\/v2\/media?parent=60375"}],"wp:term":[{"taxonomy":"pwb-brand","embeddable":true,"href":"https:\/\/futur-print3d.fr\/index.php\/wp-json\/wp\/v2\/pwb-brand?post=60375"},{"taxonomy":"product_brand","embeddable":true,"href":"https:\/\/futur-print3d.fr\/index.php\/wp-json\/wp\/v2\/product_brand?post=60375"},{"taxonomy":"product_cat","embeddable":true,"href":"https:\/\/futur-print3d.fr\/index.php\/wp-json\/wp\/v2\/product_cat?post=60375"},{"taxonomy":"product_tag","embeddable":true,"href":"https:\/\/futur-print3d.fr\/index.php\/wp-json\/wp\/v2\/product_tag?post=60375"}],"curies":[{"name":"wp","href":"https:\/\/api.w.org\/{rel}","templated":true}]}}