{"id":2098,"date":"2022-05-23T17:08:17","date_gmt":"2022-05-23T15:08:17","guid":{"rendered":"https:\/\/futur-print3d.fr\/?post_type=product&#038;p=2098"},"modified":"2024-11-16T18:15:16","modified_gmt":"2024-11-16T17:15:16","slug":"modele-3d-ville-de-new-york-1515cm","status":"publish","type":"product","link":"https:\/\/futur-print3d.fr\/index.php\/produit\/modele-3d-ville-de-new-york-1515cm\/","title":{"rendered":"Mod\u00e8le 3D ville de New York (15*15cm)"},"content":{"rendered":"<p>Lower Manhattan<\/p>\n<p>Mod\u00e8le 3D de la ville de New York<\/p>\n<p>Hauteur 15 cm<\/p>\n<p>Longueur 15cm<\/p>\n<p>Lower Manhattan , \u00e0 d\u00e9couvrir la grosse Pomme sous un autre angle<\/p>\n<p>Mod\u00e8le divis\u00e9 en 6 pi\u00e8ces de taille \u00e9gale \u00e9tiquet\u00e9s de A1 jusqu&rsquo;\u00e0 B3<\/p>\n<p>chaque carr\u00e9 est vendu s\u00e9par\u00e9ment<\/p>\n","protected":false},"excerpt":{"rendered":"<p>Lower Manhattan Mod\u00e8le 3D de la ville de New York Hauteur 15 cm Longueur 15cm Lower Manhattan , \u00e0 d\u00e9couvrir la grosse Pomme sous un autre angle Mod\u00e8le divis\u00e9 en 6 pi\u00e8ces de taille \u00e9gale \u00e9tiquet\u00e9s de A1 jusqu&rsquo;\u00e0 B3 chaque carr\u00e9 est vendu s\u00e9par\u00e9ment<\/p>\n","protected":false},"featured_media":2571,"comment_status":"open","ping_status":"closed","template":"","meta":{"_acf_changed":false},"pwb-brand":[],"product_brand":[],"product_cat":[124],"product_tag":[],"class_list":{"0":"post-2098","1":"product","2":"type-product","3":"status-publish","4":"has-post-thumbnail","6":"product_cat-decoration","7":"product_shipping_class-colis","9":"first","10":"instock","11":"sale","12":"sold-individually","13":"taxable","14":"shipping-taxable","15":"purchasable","16":"product-type-simple"},"acf":[],"yoast_head":"<!-- This site is optimized with the Yoast SEO plugin v27.5 - https:\/\/yoast.com\/product\/yoast-seo-wordpress\/ -->\n<title>Mod\u00e8le 3D ville de New York (15*15cm) - futur-print3d<\/title>\n<meta name=\"robots\" content=\"index, follow, max-snippet:-1, max-image-preview:large, max-video-preview:-1\" \/>\n<link rel=\"canonical\" href=\"https:\/\/futur-print3d.fr\/index.php\/produit\/modele-3d-ville-de-new-york-1515cm\/\" \/>\n<meta property=\"og:locale\" content=\"fr_FR\" \/>\n<meta property=\"og:type\" content=\"article\" \/>\n<meta property=\"og:title\" content=\"Mod\u00e8le 3D ville de New York (15*15cm) - futur-print3d\" \/>\n<meta property=\"og:description\" content=\"Lower Manhattan Mod\u00e8le 3D de la ville de New York Hauteur 15 cm Longueur 15cm Lower Manhattan , \u00e0 d\u00e9couvrir la grosse Pomme sous un autre angle Mod\u00e8le divis\u00e9 en 6 pi\u00e8ces de taille \u00e9gale \u00e9tiquet\u00e9s de A1 jusqu&rsquo;\u00e0 B3 chaque carr\u00e9 est vendu s\u00e9par\u00e9ment\" \/>\n<meta property=\"og:url\" content=\"https:\/\/futur-print3d.fr\/index.php\/produit\/modele-3d-ville-de-new-york-1515cm\/\" \/>\n<meta property=\"og:site_name\" content=\"futur-print3d\" \/>\n<meta property=\"article:modified_time\" content=\"2024-11-16T17:15:16+00:00\" \/>\n<meta property=\"og:image\" content=\"https:\/\/futur-print3d.fr\/wp-content\/uploads\/2024\/11\/13003-1.jpg\" \/>\n\t<meta property=\"og:image:width\" content=\"1080\" \/>\n\t<meta property=\"og:image:height\" content=\"790\" \/>\n\t<meta property=\"og:image:type\" content=\"image\/jpeg\" \/>\n<meta name=\"twitter:card\" content=\"summary_large_image\" \/>\n<script type=\"application\/ld+json\" class=\"yoast-schema-graph\">{\"@context\":\"https:\\\/\\\/schema.org\",\"@graph\":[{\"@type\":\"WebPage\",\"@id\":\"https:\\\/\\\/futur-print3d.fr\\\/index.php\\\/produit\\\/modele-3d-ville-de-new-york-1515cm\\\/\",\"url\":\"https:\\\/\\\/futur-print3d.fr\\\/index.php\\\/produit\\\/modele-3d-ville-de-new-york-1515cm\\\/\",\"name\":\"Mod\u00e8le 3D ville de New York (15*15cm) - futur-print3d\",\"isPartOf\":{\"@id\":\"https:\\\/\\\/futur-print3d.fr\\\/#website\"},\"primaryImageOfPage\":{\"@id\":\"https:\\\/\\\/futur-print3d.fr\\\/index.php\\\/produit\\\/modele-3d-ville-de-new-york-1515cm\\\/#primaryimage\"},\"image\":{\"@id\":\"https:\\\/\\\/futur-print3d.fr\\\/index.php\\\/produit\\\/modele-3d-ville-de-new-york-1515cm\\\/#primaryimage\"},\"thumbnailUrl\":\"https:\\\/\\\/futur-print3d.fr\\\/wp-content\\\/uploads\\\/2024\\\/11\\\/13003-1.jpg\",\"datePublished\":\"2022-05-23T15:08:17+00:00\",\"dateModified\":\"2024-11-16T17:15:16+00:00\",\"breadcrumb\":{\"@id\":\"https:\\\/\\\/futur-print3d.fr\\\/index.php\\\/produit\\\/modele-3d-ville-de-new-york-1515cm\\\/#breadcrumb\"},\"inLanguage\":\"fr-FR\",\"potentialAction\":[{\"@type\":\"ReadAction\",\"target\":[\"https:\\\/\\\/futur-print3d.fr\\\/index.php\\\/produit\\\/modele-3d-ville-de-new-york-1515cm\\\/\"]}]},{\"@type\":\"ImageObject\",\"inLanguage\":\"fr-FR\",\"@id\":\"https:\\\/\\\/futur-print3d.fr\\\/index.php\\\/produit\\\/modele-3d-ville-de-new-york-1515cm\\\/#primaryimage\",\"url\":\"https:\\\/\\\/futur-print3d.fr\\\/wp-content\\\/uploads\\\/2024\\\/11\\\/13003-1.jpg\",\"contentUrl\":\"https:\\\/\\\/futur-print3d.fr\\\/wp-content\\\/uploads\\\/2024\\\/11\\\/13003-1.jpg\",\"width\":1080,\"height\":790},{\"@type\":\"BreadcrumbList\",\"@id\":\"https:\\\/\\\/futur-print3d.fr\\\/index.php\\\/produit\\\/modele-3d-ville-de-new-york-1515cm\\\/#breadcrumb\",\"itemListElement\":[{\"@type\":\"ListItem\",\"position\":1,\"name\":\"Accueil\",\"item\":\"https:\\\/\\\/futur-print3d.fr\\\/\"},{\"@type\":\"ListItem\",\"position\":2,\"name\":\"Shop\",\"item\":\"https:\\\/\\\/futur-print3d.fr\\\/index.php\\\/shop\\\/\"},{\"@type\":\"ListItem\",\"position\":3,\"name\":\"Mod\u00e8le 3D ville de New York (15*15cm)\"}]},{\"@type\":\"WebSite\",\"@id\":\"https:\\\/\\\/futur-print3d.fr\\\/#website\",\"url\":\"https:\\\/\\\/futur-print3d.fr\\\/\",\"name\":\"futur-print3d\",\"description\":\"\",\"publisher\":{\"@id\":\"https:\\\/\\\/futur-print3d.fr\\\/#organization\"},\"potentialAction\":[{\"@type\":\"SearchAction\",\"target\":{\"@type\":\"EntryPoint\",\"urlTemplate\":\"https:\\\/\\\/futur-print3d.fr\\\/?s={search_term_string}\"},\"query-input\":{\"@type\":\"PropertyValueSpecification\",\"valueRequired\":true,\"valueName\":\"search_term_string\"}}],\"inLanguage\":\"fr-FR\"},{\"@type\":\"Organization\",\"@id\":\"https:\\\/\\\/futur-print3d.fr\\\/#organization\",\"name\":\"futur-print3d\",\"url\":\"https:\\\/\\\/futur-print3d.fr\\\/\",\"logo\":{\"@type\":\"ImageObject\",\"inLanguage\":\"fr-FR\",\"@id\":\"https:\\\/\\\/futur-print3d.fr\\\/#\\\/schema\\\/logo\\\/image\\\/\",\"url\":\"https:\\\/\\\/futur-print3d.fr\\\/wp-content\\\/uploads\\\/2018\\\/03\\\/logo-grand-format.webp\",\"contentUrl\":\"https:\\\/\\\/futur-print3d.fr\\\/wp-content\\\/uploads\\\/2018\\\/03\\\/logo-grand-format.webp\",\"width\":1024,\"height\":871,\"caption\":\"futur-print3d\"},\"image\":{\"@id\":\"https:\\\/\\\/futur-print3d.fr\\\/#\\\/schema\\\/logo\\\/image\\\/\"}}]}<\/script>\n<!-- \/ Yoast SEO plugin. -->","yoast_head_json":{"title":"Mod\u00e8le 3D ville de New York (15*15cm) - futur-print3d","robots":{"index":"index","follow":"follow","max-snippet":"max-snippet:-1","max-image-preview":"max-image-preview:large","max-video-preview":"max-video-preview:-1"},"canonical":"https:\/\/futur-print3d.fr\/index.php\/produit\/modele-3d-ville-de-new-york-1515cm\/","og_locale":"fr_FR","og_type":"article","og_title":"Mod\u00e8le 3D ville de New York (15*15cm) - futur-print3d","og_description":"Lower Manhattan Mod\u00e8le 3D de la ville de New York Hauteur 15 cm Longueur 15cm Lower Manhattan , \u00e0 d\u00e9couvrir la grosse Pomme sous un autre angle Mod\u00e8le divis\u00e9 en 6 pi\u00e8ces de taille \u00e9gale \u00e9tiquet\u00e9s de A1 jusqu&rsquo;\u00e0 B3 chaque carr\u00e9 est vendu s\u00e9par\u00e9ment","og_url":"https:\/\/futur-print3d.fr\/index.php\/produit\/modele-3d-ville-de-new-york-1515cm\/","og_site_name":"futur-print3d","article_modified_time":"2024-11-16T17:15:16+00:00","og_image":[{"width":1080,"height":790,"url":"https:\/\/futur-print3d.fr\/wp-content\/uploads\/2024\/11\/13003-1.jpg","type":"image\/jpeg"}],"twitter_card":"summary_large_image","schema":{"@context":"https:\/\/schema.org","@graph":[{"@type":"WebPage","@id":"https:\/\/futur-print3d.fr\/index.php\/produit\/modele-3d-ville-de-new-york-1515cm\/","url":"https:\/\/futur-print3d.fr\/index.php\/produit\/modele-3d-ville-de-new-york-1515cm\/","name":"Mod\u00e8le 3D ville de New York (15*15cm) - futur-print3d","isPartOf":{"@id":"https:\/\/futur-print3d.fr\/#website"},"primaryImageOfPage":{"@id":"https:\/\/futur-print3d.fr\/index.php\/produit\/modele-3d-ville-de-new-york-1515cm\/#primaryimage"},"image":{"@id":"https:\/\/futur-print3d.fr\/index.php\/produit\/modele-3d-ville-de-new-york-1515cm\/#primaryimage"},"thumbnailUrl":"https:\/\/futur-print3d.fr\/wp-content\/uploads\/2024\/11\/13003-1.jpg","datePublished":"2022-05-23T15:08:17+00:00","dateModified":"2024-11-16T17:15:16+00:00","breadcrumb":{"@id":"https:\/\/futur-print3d.fr\/index.php\/produit\/modele-3d-ville-de-new-york-1515cm\/#breadcrumb"},"inLanguage":"fr-FR","potentialAction":[{"@type":"ReadAction","target":["https:\/\/futur-print3d.fr\/index.php\/produit\/modele-3d-ville-de-new-york-1515cm\/"]}]},{"@type":"ImageObject","inLanguage":"fr-FR","@id":"https:\/\/futur-print3d.fr\/index.php\/produit\/modele-3d-ville-de-new-york-1515cm\/#primaryimage","url":"https:\/\/futur-print3d.fr\/wp-content\/uploads\/2024\/11\/13003-1.jpg","contentUrl":"https:\/\/futur-print3d.fr\/wp-content\/uploads\/2024\/11\/13003-1.jpg","width":1080,"height":790},{"@type":"BreadcrumbList","@id":"https:\/\/futur-print3d.fr\/index.php\/produit\/modele-3d-ville-de-new-york-1515cm\/#breadcrumb","itemListElement":[{"@type":"ListItem","position":1,"name":"Accueil","item":"https:\/\/futur-print3d.fr\/"},{"@type":"ListItem","position":2,"name":"Shop","item":"https:\/\/futur-print3d.fr\/index.php\/shop\/"},{"@type":"ListItem","position":3,"name":"Mod\u00e8le 3D ville de New York (15*15cm)"}]},{"@type":"WebSite","@id":"https:\/\/futur-print3d.fr\/#website","url":"https:\/\/futur-print3d.fr\/","name":"futur-print3d","description":"","publisher":{"@id":"https:\/\/futur-print3d.fr\/#organization"},"potentialAction":[{"@type":"SearchAction","target":{"@type":"EntryPoint","urlTemplate":"https:\/\/futur-print3d.fr\/?s={search_term_string}"},"query-input":{"@type":"PropertyValueSpecification","valueRequired":true,"valueName":"search_term_string"}}],"inLanguage":"fr-FR"},{"@type":"Organization","@id":"https:\/\/futur-print3d.fr\/#organization","name":"futur-print3d","url":"https:\/\/futur-print3d.fr\/","logo":{"@type":"ImageObject","inLanguage":"fr-FR","@id":"https:\/\/futur-print3d.fr\/#\/schema\/logo\/image\/","url":"https:\/\/futur-print3d.fr\/wp-content\/uploads\/2018\/03\/logo-grand-format.webp","contentUrl":"https:\/\/futur-print3d.fr\/wp-content\/uploads\/2018\/03\/logo-grand-format.webp","width":1024,"height":871,"caption":"futur-print3d"},"image":{"@id":"https:\/\/futur-print3d.fr\/#\/schema\/logo\/image\/"}}]}},"jetpack_sharing_enabled":true,"brands":[],"_links":{"self":[{"href":"https:\/\/futur-print3d.fr\/index.php\/wp-json\/wp\/v2\/product\/2098","targetHints":{"allow":["GET"]}}],"collection":[{"href":"https:\/\/futur-print3d.fr\/index.php\/wp-json\/wp\/v2\/product"}],"about":[{"href":"https:\/\/futur-print3d.fr\/index.php\/wp-json\/wp\/v2\/types\/product"}],"replies":[{"embeddable":true,"href":"https:\/\/futur-print3d.fr\/index.php\/wp-json\/wp\/v2\/comments?post=2098"}],"wp:featuredmedia":[{"embeddable":true,"href":"https:\/\/futur-print3d.fr\/index.php\/wp-json\/wp\/v2\/media\/2571"}],"wp:attachment":[{"href":"https:\/\/futur-print3d.fr\/index.php\/wp-json\/wp\/v2\/media?parent=2098"}],"wp:term":[{"taxonomy":"pwb-brand","embeddable":true,"href":"https:\/\/futur-print3d.fr\/index.php\/wp-json\/wp\/v2\/pwb-brand?post=2098"},{"taxonomy":"product_brand","embeddable":true,"href":"https:\/\/futur-print3d.fr\/index.php\/wp-json\/wp\/v2\/product_brand?post=2098"},{"taxonomy":"product_cat","embeddable":true,"href":"https:\/\/futur-print3d.fr\/index.php\/wp-json\/wp\/v2\/product_cat?post=2098"},{"taxonomy":"product_tag","embeddable":true,"href":"https:\/\/futur-print3d.fr\/index.php\/wp-json\/wp\/v2\/product_tag?post=2098"}],"curies":[{"name":"wp","href":"https:\/\/api.w.org\/{rel}","templated":true}]}}