{"id":55,"date":"2016-06-13T15:48:45","date_gmt":"2016-06-13T15:48:45","guid":{"rendered":"http:\/\/sw-themes.com\/porto_dummy\/?page_id=55"},"modified":"2024-12-02T21:54:15","modified_gmt":"2024-12-02T20:54:15","slug":"about-us","status":"publish","type":"page","link":"https:\/\/futur-print3d.fr\/index.php\/about-us\/","title":{"rendered":"About Us"},"content":{"rendered":"\t\t<div data-elementor-type=\"wp-page\" data-elementor-id=\"55\" class=\"elementor elementor-55\">\n\t\t\t\t<div class=\"elementor-element elementor-element-834d6d9 e-flex e-con-boxed e-con e-parent\" data-id=\"834d6d9\" data-element_type=\"container\" data-e-type=\"container\">\r\n\t\t\t\t\t<div class=\"e-con-inner\">\r\n\t\t<div class=\"elementor-element elementor-element-303bbe4 e-con-full e-flex e-con e-child\" data-id=\"303bbe4\" data-element_type=\"container\" data-e-type=\"container\">\r\n\t\t\t\t<div class=\"elementor-element elementor-element-085a858 elementor-widget elementor-widget-text-editor\" data-id=\"085a858\" data-element_type=\"widget\" data-e-type=\"widget\" data-widget_type=\"text-editor.default\">\n\t\t\t\t<div class=\"elementor-widget-container\">\n\t\t\t\t\t\t\t\t\t<h2>Qui sommes nous !<\/h2><div class=\"adn ads\" data-message-id=\"#msg-a:r-6973583198434021851\" data-legacy-message-id=\"19339e3ccc3cf841\"><div class=\"gs\"><div class=\"\"><div id=\":zz\" class=\"ii gt\"><div id=\":zy\" class=\"a3s aiL \"><div dir=\"auto\"><p><span style=\"color: #999999;\">Futur-Print3D est une entreprise innovante sp\u00e9cialis\u00e9e dans l&rsquo;impression 3D, qui s&rsquo;adresse aussi bien aux particuliers qu&rsquo;aux professionnels. Fond\u00e9e sur une passion pour la technologie et la cr\u00e9ativit\u00e9, Futur-Print3D propose des solutions sur mesure pour r\u00e9pondre aux besoins vari\u00e9s de ses clients.<\/span><\/p><p><span style=\"color: #999999;\">Pour les particuliers, l&rsquo;entreprise offre des services d&rsquo;impression personnalis\u00e9e, permettant de concr\u00e9tiser des projets uniques, qu&rsquo;il s&rsquo;agisse de cr\u00e9ations artistiques, de prototypes de loisirs ou d&rsquo;objets du quotidien. Gr\u00e2ce \u00e0 un accompagnement de qualit\u00e9, chaque client peut r\u00e9aliser ses id\u00e9es et les transformer en objets tangibles.<\/span><\/p><p><span style=\"color: #999999;\">Du c\u00f4t\u00e9 des professionnels, Futur-Print3D collabore avec des entreprises de divers secteurs, en fournissant des services d&rsquo;impression 3D pour le prototypage, la production de pi\u00e8ces sp\u00e9cifiques ou encore des projets de design innovant. L&rsquo;\u00e9quipe d&rsquo;experts de Futur-Print3D travaille en \u00e9troite collaboration avec ses partenaires pour garantir des r\u00e9sultats \u00e0 la hauteur de leurs attentes, en int\u00e9grant les derni\u00e8res avanc\u00e9es technologiques et en respectant les d\u00e9lais impartis.<\/span><\/p><p><span style=\"color: #999999;\">Avec une approche ax\u00e9e sur l&rsquo;innovation, la qualit\u00e9 et la satisfaction client, Futur-Print3D se positionne comme un acteur cl\u00e9 dans le domaine de l&rsquo;impression 3D, pr\u00eat \u00e0 accompagner chaque client dans la r\u00e9alisation de ses projets, quels qu&rsquo;ils soient.\u00a0<\/span><\/p><\/div><\/div><\/div><\/div><\/div><\/div>\t\t\t\t\t\t\t\t<\/div>\n\t\t\t\t<\/div>\n\t\t\t\t<\/div>\n\t\t<div class=\"elementor-element elementor-element-b434680 e-con-full e-flex e-con e-child\" data-id=\"b434680\" data-element_type=\"container\" data-e-type=\"container\">\r\n\t\t\t\t<div class=\"elementor-element elementor-element-b781eea elementor-absolute elementor-widget elementor-widget-image\" data-id=\"b781eea\" data-element_type=\"widget\" data-e-type=\"widget\" data-settings=\"{&quot;_position&quot;:&quot;absolute&quot;}\" data-widget_type=\"image.default\">\n\t\t\t\t<div class=\"elementor-widget-container\">\n\t\t\t\t\t\t\t\t\t\t\t\t\t\t\t<img fetchpriority=\"high\" decoding=\"async\" width=\"1024\" height=\"871\" src=\"https:\/\/futur-print3d.fr\/wp-content\/uploads\/2018\/03\/logo-grand-format.webp\" class=\"attachment-large size-large wp-image-59188\" alt=\"Icone du site\" srcset=\"https:\/\/futur-print3d.fr\/wp-content\/uploads\/2018\/03\/logo-grand-format.webp 1024w, https:\/\/futur-print3d.fr\/wp-content\/uploads\/2018\/03\/logo-grand-format-600x510.webp 600w, https:\/\/futur-print3d.fr\/wp-content\/uploads\/2018\/03\/logo-grand-format-768x653.webp 768w, https:\/\/futur-print3d.fr\/wp-content\/uploads\/2018\/03\/logo-grand-format-640x544.webp 640w, https:\/\/futur-print3d.fr\/wp-content\/uploads\/2018\/03\/logo-grand-format-400x340.webp 400w\" sizes=\"(max-width: 1024px) 100vw, 1024px\" \/>\t\t\t\t\t\t\t\t\t\t\t\t\t\t\t<\/div>\n\t\t\t\t<\/div>\n\t\t\t\t<\/div>\n\t\t\t\t\t<\/div>\n\t\t\t\t<\/div>\n\t\t<div class=\"elementor-element elementor-element-2e39d32 e-flex e-con-boxed e-con e-parent\" data-id=\"2e39d32\" data-element_type=\"container\" data-e-type=\"container\">\r\n\t\t\t\t\t<div class=\"e-con-inner\">\r\n\t\t\t\t<div class=\"elementor-element elementor-element-a01ee31 elementor-widget-divider--view-line elementor-widget elementor-widget-divider\" data-id=\"a01ee31\" data-element_type=\"widget\" data-e-type=\"widget\" data-widget_type=\"divider.default\">\n\t\t\t\t<div class=\"elementor-widget-container\">\n\t\t\t\t\t\t\t<div class=\"elementor-divider\">\n\t\t\t<span class=\"elementor-divider-separator\">\n\t\t\t\t\t\t<\/span>\n\t\t<\/div>\n\t\t\t\t\t\t<\/div>\n\t\t\t\t<\/div>\n\t\t\t\t\t<\/div>\n\t\t\t\t<\/div>\n\t\t<div class=\"elementor-element elementor-element-fd099f6 e-flex e-con-boxed e-con e-parent\" data-id=\"fd099f6\" data-element_type=\"container\" data-e-type=\"container\">\r\n\t\t\t\t\t<div class=\"e-con-inner\">\r\n\t\t<div class=\"elementor-element elementor-element-5bbfc35 e-con-full e-flex e-con e-child\" data-id=\"5bbfc35\" data-element_type=\"container\" data-e-type=\"container\">\r\n\t\t\t\t<div class=\"elementor-element elementor-element-64bd7ca elementor-widget elementor-widget-video\" data-id=\"64bd7ca\" data-element_type=\"widget\" data-e-type=\"widget\" data-settings=\"{&quot;video_type&quot;:&quot;hosted&quot;,&quot;controls&quot;:&quot;yes&quot;}\" data-widget_type=\"video.default\">\n\t\t\t\t<div class=\"elementor-widget-container\">\n\t\t\t\t\t\t\t<div class=\"e-hosted-video elementor-wrapper elementor-open-inline\">\n\t\t\t\t\t<video class=\"elementor-video\" src=\"https:\/\/futur-print3d.fr\/wp-content\/uploads\/2024\/11\/La-creativite.mp4\" controls=\"\" preload=\"metadata\" controlsList=\"nodownload\"><\/video>\n\t\t\t\t<\/div>\n\t\t\t\t\t\t<\/div>\n\t\t\t\t<\/div>\n\t\t\t\t<\/div>\n\t\t<div class=\"elementor-element elementor-element-2b9a5f1 e-con-full e-flex e-con e-child\" data-id=\"2b9a5f1\" data-element_type=\"container\" data-e-type=\"container\">\r\n\t\t\t\t<div class=\"elementor-element elementor-element-c841d1c elementor-absolute elementor-widget elementor-widget-text-editor\" data-id=\"c841d1c\" data-element_type=\"widget\" data-e-type=\"widget\" data-settings=\"{&quot;_position&quot;:&quot;absolute&quot;}\" data-widget_type=\"text-editor.default\">\n\t\t\t\t<div class=\"elementor-widget-container\">\n\t\t\t\t\t\t\t\t\t<p><span style=\"color: #999999;\">Nous pla\u00e7ons la satisfaction de nos clients au-dessus de tout. C\u2019est \u00e0 travers cette reconnaissance, que nous puisons l\u2019\u00e9nergie qui nous pousse sans cesse \u00e0 relever de nouveaux d\u00e9fis.<\/span><\/p><h5>De l\u2019id\u00e9e au projet<\/h5><p><span style=\"color: #999999;\">Du design, \u00e0 la production, notre \u00e9quipe maitrise le process complet pour la r\u00e9alisation de votre projet en impression 3D. Design param\u00e9trique, Optimisation, ou Finition peinture, d\u00e9couvrez tous nos services.<\/span><\/p>\t\t\t\t\t\t\t\t<\/div>\n\t\t\t\t<\/div>\n\t\t\t\t<\/div>\n\t\t\t\t\t<\/div>\n\t\t\t\t<\/div>\n\t\t<div class=\"elementor-element elementor-element-7249ade e-flex e-con-boxed e-con e-parent\" data-id=\"7249ade\" data-element_type=\"container\" data-e-type=\"container\">\r\n\t\t\t\t\t<div class=\"e-con-inner\">\r\n\t\t\t\t<div class=\"elementor-element elementor-element-7d6ee14 elementor-widget-divider--view-line elementor-widget elementor-widget-divider\" data-id=\"7d6ee14\" data-element_type=\"widget\" data-e-type=\"widget\" data-widget_type=\"divider.default\">\n\t\t\t\t<div class=\"elementor-widget-container\">\n\t\t\t\t\t\t\t<div class=\"elementor-divider\">\n\t\t\t<span class=\"elementor-divider-separator\">\n\t\t\t\t\t\t<\/span>\n\t\t<\/div>\n\t\t\t\t\t\t<\/div>\n\t\t\t\t<\/div>\n\t\t\t\t\t<\/div>\n\t\t\t\t<\/div>\n\t\t<div class=\"elementor-element elementor-element-f947afd e-grid e-con-boxed e-con e-parent\" data-id=\"f947afd\" data-element_type=\"container\" data-e-type=\"container\">\r\n\t\t\t\t\t<div class=\"e-con-inner\">\r\n\t\t\t\t<div class=\"elementor-element elementor-element-3acbfd4 elementor-widget elementor-widget-image\" data-id=\"3acbfd4\" data-element_type=\"widget\" data-e-type=\"widget\" data-widget_type=\"image.default\">\n\t\t\t\t<div class=\"elementor-widget-container\">\n\t\t\t\t\t\t\t\t\t\t\t\t\t\t\t<img decoding=\"async\" width=\"316\" height=\"169\" src=\"https:\/\/futur-print3d.fr\/wp-content\/uploads\/2024\/11\/importez-1.webp\" class=\"attachment-large size-large wp-image-59128\" alt=\"\" \/>\t\t\t\t\t\t\t\t\t\t\t\t\t\t\t<\/div>\n\t\t\t\t<\/div>\n\t\t\t\t<div class=\"elementor-element elementor-element-0d0ecf9 elementor-widget elementor-widget-image\" data-id=\"0d0ecf9\" data-element_type=\"widget\" data-e-type=\"widget\" data-widget_type=\"image.default\">\n\t\t\t\t<div class=\"elementor-widget-container\">\n\t\t\t\t\t\t\t\t\t\t\t\t\t\t\t<img decoding=\"async\" width=\"310\" height=\"172\" src=\"https:\/\/futur-print3d.fr\/wp-content\/uploads\/2024\/11\/commandez-1.webp\" class=\"attachment-large size-large wp-image-59129\" alt=\"\" \/>\t\t\t\t\t\t\t\t\t\t\t\t\t\t\t<\/div>\n\t\t\t\t<\/div>\n\t\t\t\t<div class=\"elementor-element elementor-element-6e2b88b elementor-widget elementor-widget-image\" data-id=\"6e2b88b\" data-element_type=\"widget\" data-e-type=\"widget\" data-widget_type=\"image.default\">\n\t\t\t\t<div class=\"elementor-widget-container\">\n\t\t\t\t\t\t\t\t\t\t\t\t\t\t\t<img loading=\"lazy\" decoding=\"async\" width=\"265\" height=\"175\" src=\"https:\/\/futur-print3d.fr\/wp-content\/uploads\/2024\/11\/recevez-1.webp\" class=\"attachment-large size-large wp-image-59130\" alt=\"\" \/>\t\t\t\t\t\t\t\t\t\t\t\t\t\t\t<\/div>\n\t\t\t\t<\/div>\n\t\t\t\t<div class=\"elementor-element elementor-element-e4bbb30 elementor-hidden-mobile elementor-widget elementor-widget-text-editor\" data-id=\"e4bbb30\" data-element_type=\"widget\" data-e-type=\"widget\" data-widget_type=\"text-editor.default\">\n\t\t\t\t<div class=\"elementor-widget-container\">\n\t\t\t\t\t\t\t\t\t<p style=\"text-align: center;\"><span style=\"color: #999999;\">Vous pouvez importer plusieurs mod\u00e8les en m\u00eame temps pour diff\u00e9rentes pi\u00e8ces afin de g\u00e9n\u00e9rer un unique devis. Une estimation de co\u00fbt d\u00e9taill\u00e9e appara\u00eetra sur votre \u00e9cran en moins d\u2019une minute.<\/span><\/p>\t\t\t\t\t\t\t\t<\/div>\n\t\t\t\t<\/div>\n\t\t\t\t<div class=\"elementor-element elementor-element-76fa9ff elementor-hidden-mobile elementor-widget elementor-widget-text-editor\" data-id=\"76fa9ff\" data-element_type=\"widget\" data-e-type=\"widget\" data-widget_type=\"text-editor.default\">\n\t\t\t\t<div class=\"elementor-widget-container\">\n\t\t\t\t\t\t\t\t\t<p style=\"text-align: center;\"><span style=\"color: #999999;\">Une fois toutes les r\u00e9glages effectu\u00e9s, vous pouvez confirmer votre commande et r\u00e9gler sur notre plateforme de paiement s\u00e9curis\u00e9. Nos ing\u00e9nieurs se chargeront d\u2019analyser vos mod\u00e8les.<\/span><\/p>\t\t\t\t\t\t\t\t<\/div>\n\t\t\t\t<\/div>\n\t\t\t\t<div class=\"elementor-element elementor-element-9ac7601 elementor-hidden-mobile elementor-widget elementor-widget-text-editor\" data-id=\"9ac7601\" data-element_type=\"widget\" data-e-type=\"widget\" data-widget_type=\"text-editor.default\">\n\t\t\t\t<div class=\"elementor-widget-container\">\n\t\t\t\t\t\t\t\t\t<p style=\"text-align: center;\"><span style=\"color: #999999;\">Les pi\u00e8ces que vous avez command\u00e9es vous seront livr\u00e9es en un rien de temps, directement \u00e0 votre adresse de livraison. Votre compte personnel vous permet \u00e9galement de suivre votre colis \u00e0 tout moment.<\/span><\/p>\t\t\t\t\t\t\t\t<\/div>\n\t\t\t\t<\/div>\n\t\t\t\t\t<\/div>\n\t\t\t\t<\/div>\n\t\t\t\t<\/div>\n\t\t","protected":false},"excerpt":{"rendered":"<p>Qui sommes nous ! Futur-Print3D est une entreprise innovante sp\u00e9cialis\u00e9e dans l&rsquo;impression 3D, qui s&rsquo;adresse aussi bien aux particuliers qu&rsquo;aux professionnels. Fond\u00e9e sur une passion pour la technologie et la cr\u00e9ativit\u00e9, Futur-Print3D propose des solutions sur mesure pour r\u00e9pondre aux besoins vari\u00e9s de ses clients. Pour les particuliers, l&rsquo;entreprise offre des services d&rsquo;impression personnalis\u00e9e, permettant [&hellip;]<\/p>\n","protected":false},"author":1,"featured_media":0,"parent":0,"menu_order":0,"comment_status":"closed","ping_status":"closed","template":"","meta":{"_acf_changed":false,"footnotes":""},"class_list":["post-55","page","type-page","status-publish","hentry"],"acf":[],"yoast_head":"<!-- This site is optimized with the Yoast SEO plugin v27.5 - https:\/\/yoast.com\/product\/yoast-seo-wordpress\/ -->\n<title>About Us - futur-print3d<\/title>\n<meta name=\"robots\" content=\"index, follow, max-snippet:-1, max-image-preview:large, max-video-preview:-1\" \/>\n<link rel=\"canonical\" href=\"https:\/\/futur-print3d.fr\/index.php\/about-us\/\" \/>\n<meta property=\"og:locale\" content=\"fr_FR\" \/>\n<meta property=\"og:type\" content=\"article\" \/>\n<meta property=\"og:title\" content=\"About Us - futur-print3d\" \/>\n<meta property=\"og:description\" content=\"Qui sommes nous ! Futur-Print3D est une entreprise innovante sp\u00e9cialis\u00e9e dans l&rsquo;impression 3D, qui s&rsquo;adresse aussi bien aux particuliers qu&rsquo;aux professionnels. Fond\u00e9e sur une passion pour la technologie et la cr\u00e9ativit\u00e9, Futur-Print3D propose des solutions sur mesure pour r\u00e9pondre aux besoins vari\u00e9s de ses clients. Pour les particuliers, l&rsquo;entreprise offre des services d&rsquo;impression personnalis\u00e9e, permettant [&hellip;]\" \/>\n<meta property=\"og:url\" content=\"https:\/\/futur-print3d.fr\/index.php\/about-us\/\" \/>\n<meta property=\"og:site_name\" content=\"futur-print3d\" \/>\n<meta property=\"article:modified_time\" content=\"2024-12-02T20:54:15+00:00\" \/>\n<meta property=\"og:image\" content=\"https:\/\/futur-print3d.fr\/wp-content\/uploads\/2018\/03\/logo-grand-format.webp\" \/>\n\t<meta property=\"og:image:width\" content=\"1024\" \/>\n\t<meta property=\"og:image:height\" content=\"871\" \/>\n\t<meta property=\"og:image:type\" content=\"image\/webp\" \/>\n<meta name=\"twitter:card\" content=\"summary_large_image\" \/>\n<meta name=\"twitter:label1\" content=\"Dur\u00e9e de lecture estim\u00e9e\" \/>\n\t<meta name=\"twitter:data1\" content=\"2 minutes\" \/>\n<script type=\"application\/ld+json\" class=\"yoast-schema-graph\">{\"@context\":\"https:\\\/\\\/schema.org\",\"@graph\":[{\"@type\":\"WebPage\",\"@id\":\"https:\\\/\\\/futur-print3d.fr\\\/index.php\\\/about-us\\\/\",\"url\":\"https:\\\/\\\/futur-print3d.fr\\\/index.php\\\/about-us\\\/\",\"name\":\"About Us - futur-print3d\",\"isPartOf\":{\"@id\":\"https:\\\/\\\/futur-print3d.fr\\\/#website\"},\"primaryImageOfPage\":{\"@id\":\"https:\\\/\\\/futur-print3d.fr\\\/index.php\\\/about-us\\\/#primaryimage\"},\"image\":{\"@id\":\"https:\\\/\\\/futur-print3d.fr\\\/index.php\\\/about-us\\\/#primaryimage\"},\"thumbnailUrl\":\"https:\\\/\\\/futur-print3d.fr\\\/wp-content\\\/uploads\\\/2018\\\/03\\\/logo-grand-format.webp\",\"datePublished\":\"2016-06-13T15:48:45+00:00\",\"dateModified\":\"2024-12-02T20:54:15+00:00\",\"breadcrumb\":{\"@id\":\"https:\\\/\\\/futur-print3d.fr\\\/index.php\\\/about-us\\\/#breadcrumb\"},\"inLanguage\":\"fr-FR\",\"potentialAction\":[{\"@type\":\"ReadAction\",\"target\":[\"https:\\\/\\\/futur-print3d.fr\\\/index.php\\\/about-us\\\/\"]}]},{\"@type\":\"ImageObject\",\"inLanguage\":\"fr-FR\",\"@id\":\"https:\\\/\\\/futur-print3d.fr\\\/index.php\\\/about-us\\\/#primaryimage\",\"url\":\"https:\\\/\\\/futur-print3d.fr\\\/wp-content\\\/uploads\\\/2018\\\/03\\\/logo-grand-format.webp\",\"contentUrl\":\"https:\\\/\\\/futur-print3d.fr\\\/wp-content\\\/uploads\\\/2018\\\/03\\\/logo-grand-format.webp\",\"width\":1024,\"height\":871,\"caption\":\"Icone du site\"},{\"@type\":\"BreadcrumbList\",\"@id\":\"https:\\\/\\\/futur-print3d.fr\\\/index.php\\\/about-us\\\/#breadcrumb\",\"itemListElement\":[{\"@type\":\"ListItem\",\"position\":1,\"name\":\"Accueil\",\"item\":\"https:\\\/\\\/futur-print3d.fr\\\/\"},{\"@type\":\"ListItem\",\"position\":2,\"name\":\"About Us\"}]},{\"@type\":\"WebSite\",\"@id\":\"https:\\\/\\\/futur-print3d.fr\\\/#website\",\"url\":\"https:\\\/\\\/futur-print3d.fr\\\/\",\"name\":\"futur-print3d\",\"description\":\"\",\"publisher\":{\"@id\":\"https:\\\/\\\/futur-print3d.fr\\\/#organization\"},\"potentialAction\":[{\"@type\":\"SearchAction\",\"target\":{\"@type\":\"EntryPoint\",\"urlTemplate\":\"https:\\\/\\\/futur-print3d.fr\\\/?s={search_term_string}\"},\"query-input\":{\"@type\":\"PropertyValueSpecification\",\"valueRequired\":true,\"valueName\":\"search_term_string\"}}],\"inLanguage\":\"fr-FR\"},{\"@type\":\"Organization\",\"@id\":\"https:\\\/\\\/futur-print3d.fr\\\/#organization\",\"name\":\"futur-print3d\",\"url\":\"https:\\\/\\\/futur-print3d.fr\\\/\",\"logo\":{\"@type\":\"ImageObject\",\"inLanguage\":\"fr-FR\",\"@id\":\"https:\\\/\\\/futur-print3d.fr\\\/#\\\/schema\\\/logo\\\/image\\\/\",\"url\":\"https:\\\/\\\/futur-print3d.fr\\\/wp-content\\\/uploads\\\/2018\\\/03\\\/logo-grand-format.webp\",\"contentUrl\":\"https:\\\/\\\/futur-print3d.fr\\\/wp-content\\\/uploads\\\/2018\\\/03\\\/logo-grand-format.webp\",\"width\":1024,\"height\":871,\"caption\":\"futur-print3d\"},\"image\":{\"@id\":\"https:\\\/\\\/futur-print3d.fr\\\/#\\\/schema\\\/logo\\\/image\\\/\"}}]}<\/script>\n<!-- \/ Yoast SEO plugin. -->","yoast_head_json":{"title":"About Us - futur-print3d","robots":{"index":"index","follow":"follow","max-snippet":"max-snippet:-1","max-image-preview":"max-image-preview:large","max-video-preview":"max-video-preview:-1"},"canonical":"https:\/\/futur-print3d.fr\/index.php\/about-us\/","og_locale":"fr_FR","og_type":"article","og_title":"About Us - futur-print3d","og_description":"Qui sommes nous ! Futur-Print3D est une entreprise innovante sp\u00e9cialis\u00e9e dans l&rsquo;impression 3D, qui s&rsquo;adresse aussi bien aux particuliers qu&rsquo;aux professionnels. Fond\u00e9e sur une passion pour la technologie et la cr\u00e9ativit\u00e9, Futur-Print3D propose des solutions sur mesure pour r\u00e9pondre aux besoins vari\u00e9s de ses clients. Pour les particuliers, l&rsquo;entreprise offre des services d&rsquo;impression personnalis\u00e9e, permettant [&hellip;]","og_url":"https:\/\/futur-print3d.fr\/index.php\/about-us\/","og_site_name":"futur-print3d","article_modified_time":"2024-12-02T20:54:15+00:00","og_image":[{"width":1024,"height":871,"url":"https:\/\/futur-print3d.fr\/wp-content\/uploads\/2018\/03\/logo-grand-format.webp","type":"image\/webp"}],"twitter_card":"summary_large_image","twitter_misc":{"Dur\u00e9e de lecture estim\u00e9e":"2 minutes"},"schema":{"@context":"https:\/\/schema.org","@graph":[{"@type":"WebPage","@id":"https:\/\/futur-print3d.fr\/index.php\/about-us\/","url":"https:\/\/futur-print3d.fr\/index.php\/about-us\/","name":"About Us - futur-print3d","isPartOf":{"@id":"https:\/\/futur-print3d.fr\/#website"},"primaryImageOfPage":{"@id":"https:\/\/futur-print3d.fr\/index.php\/about-us\/#primaryimage"},"image":{"@id":"https:\/\/futur-print3d.fr\/index.php\/about-us\/#primaryimage"},"thumbnailUrl":"https:\/\/futur-print3d.fr\/wp-content\/uploads\/2018\/03\/logo-grand-format.webp","datePublished":"2016-06-13T15:48:45+00:00","dateModified":"2024-12-02T20:54:15+00:00","breadcrumb":{"@id":"https:\/\/futur-print3d.fr\/index.php\/about-us\/#breadcrumb"},"inLanguage":"fr-FR","potentialAction":[{"@type":"ReadAction","target":["https:\/\/futur-print3d.fr\/index.php\/about-us\/"]}]},{"@type":"ImageObject","inLanguage":"fr-FR","@id":"https:\/\/futur-print3d.fr\/index.php\/about-us\/#primaryimage","url":"https:\/\/futur-print3d.fr\/wp-content\/uploads\/2018\/03\/logo-grand-format.webp","contentUrl":"https:\/\/futur-print3d.fr\/wp-content\/uploads\/2018\/03\/logo-grand-format.webp","width":1024,"height":871,"caption":"Icone du site"},{"@type":"BreadcrumbList","@id":"https:\/\/futur-print3d.fr\/index.php\/about-us\/#breadcrumb","itemListElement":[{"@type":"ListItem","position":1,"name":"Accueil","item":"https:\/\/futur-print3d.fr\/"},{"@type":"ListItem","position":2,"name":"About Us"}]},{"@type":"WebSite","@id":"https:\/\/futur-print3d.fr\/#website","url":"https:\/\/futur-print3d.fr\/","name":"futur-print3d","description":"","publisher":{"@id":"https:\/\/futur-print3d.fr\/#organization"},"potentialAction":[{"@type":"SearchAction","target":{"@type":"EntryPoint","urlTemplate":"https:\/\/futur-print3d.fr\/?s={search_term_string}"},"query-input":{"@type":"PropertyValueSpecification","valueRequired":true,"valueName":"search_term_string"}}],"inLanguage":"fr-FR"},{"@type":"Organization","@id":"https:\/\/futur-print3d.fr\/#organization","name":"futur-print3d","url":"https:\/\/futur-print3d.fr\/","logo":{"@type":"ImageObject","inLanguage":"fr-FR","@id":"https:\/\/futur-print3d.fr\/#\/schema\/logo\/image\/","url":"https:\/\/futur-print3d.fr\/wp-content\/uploads\/2018\/03\/logo-grand-format.webp","contentUrl":"https:\/\/futur-print3d.fr\/wp-content\/uploads\/2018\/03\/logo-grand-format.webp","width":1024,"height":871,"caption":"futur-print3d"},"image":{"@id":"https:\/\/futur-print3d.fr\/#\/schema\/logo\/image\/"}}]}},"jetpack_sharing_enabled":true,"_links":{"self":[{"href":"https:\/\/futur-print3d.fr\/index.php\/wp-json\/wp\/v2\/pages\/55","targetHints":{"allow":["GET"]}}],"collection":[{"href":"https:\/\/futur-print3d.fr\/index.php\/wp-json\/wp\/v2\/pages"}],"about":[{"href":"https:\/\/futur-print3d.fr\/index.php\/wp-json\/wp\/v2\/types\/page"}],"author":[{"embeddable":true,"href":"https:\/\/futur-print3d.fr\/index.php\/wp-json\/wp\/v2\/users\/1"}],"replies":[{"embeddable":true,"href":"https:\/\/futur-print3d.fr\/index.php\/wp-json\/wp\/v2\/comments?post=55"}],"version-history":[{"count":10,"href":"https:\/\/futur-print3d.fr\/index.php\/wp-json\/wp\/v2\/pages\/55\/revisions"}],"predecessor-version":[{"id":59571,"href":"https:\/\/futur-print3d.fr\/index.php\/wp-json\/wp\/v2\/pages\/55\/revisions\/59571"}],"wp:attachment":[{"href":"https:\/\/futur-print3d.fr\/index.php\/wp-json\/wp\/v2\/media?parent=55"}],"curies":[{"name":"wp","href":"https:\/\/api.w.org\/{rel}","templated":true}]}}